{"id":177,"date":"2018-07-01T23:10:26","date_gmt":"2018-07-01T21:10:26","guid":{"rendered":"http:\/\/jean-marcprevot.fr\/?page_id=177"},"modified":"2018-07-04T13:54:06","modified_gmt":"2018-07-04T11:54:06","slug":"carnet-de-voyage-entre-terre-et-mer","status":"publish","type":"page","link":"https:\/\/jean-marcprevot.fr\/?page_id=177","title":{"rendered":"Entre Terre et Mer"},"content":{"rendered":"<hr \/>\n<p style=\"text-align: center;\">Planches r\u00e9alis\u00e9es pour l&#8217;exposition<\/p>\n<p style=\"text-align: center;\">&#8220;Entre terre et Mer, l&#8217;aventure de la L\u00e9gion Etrang\u00e8re dans l&#8217;Oc\u00e9an Indien&#8221;<\/p>\n<p style=\"text-align: center;\">Mus\u00e9e de la L\u00e9gion Etrang\u00e8re &#8211; Aubagne<\/p>\n<hr \/>\n<p style=\"text-align: left;\"><img loading=\"lazy\" class=\"wp-image-178 aligncenter\" src=\"https:\/\/jean-marcprevot.fr\/wp-content\/uploads\/2018\/07\/TM01-212x300.gif\" alt=\"\" width=\"350\" height=\"495\" srcset=\"https:\/\/jean-marcprevot.fr\/wp-content\/uploads\/2018\/07\/TM01-212x300.gif 212w, https:\/\/jean-marcprevot.fr\/wp-content\/uploads\/2018\/07\/TM01-768x1085.gif 768w, https:\/\/jean-marcprevot.fr\/wp-content\/uploads\/2018\/07\/TM01-725x1024.gif 725w\" sizes=\"(max-width: 350px) 100vw, 350px\" \/><\/p>\n<p>&nbsp;<\/p>\n<p><img loading=\"lazy\" class=\"wp-image-179 aligncenter\" src=\"https:\/\/jean-marcprevot.fr\/wp-content\/uploads\/2018\/07\/TM02-300x214.gif\" alt=\"\" width=\"887\" height=\"633\" srcset=\"https:\/\/jean-marcprevot.fr\/wp-content\/uploads\/2018\/07\/TM02-300x214.gif 300w, https:\/\/jean-marcprevot.fr\/wp-content\/uploads\/2018\/07\/TM02-768x547.gif 768w\" sizes=\"(max-width: 887px) 100vw, 887px\" \/><\/p>\n<p><img loading=\"lazy\" class=\"wp-image-180 aligncenter\" src=\"https:\/\/jean-marcprevot.fr\/wp-content\/uploads\/2018\/07\/TM03-300x214.gif\" alt=\"\" width=\"886\" height=\"632\" srcset=\"https:\/\/jean-marcprevot.fr\/wp-content\/uploads\/2018\/07\/TM03-300x214.gif 300w, https:\/\/jean-marcprevot.fr\/wp-content\/uploads\/2018\/07\/TM03-768x547.gif 768w, https:\/\/jean-marcprevot.fr\/wp-content\/uploads\/2018\/07\/TM03-1024x729.gif 1024w\" sizes=\"(max-width: 886px) 100vw, 886px\" \/><\/p>\n<p>&nbsp;<\/p>\n<p><img loading=\"lazy\" class=\"wp-image-181 aligncenter\" src=\"https:\/\/jean-marcprevot.fr\/wp-content\/uploads\/2018\/07\/TM04-300x214.gif\" alt=\"\" width=\"885\" height=\"631\" srcset=\"https:\/\/jean-marcprevot.fr\/wp-content\/uploads\/2018\/07\/TM04-300x214.gif 300w, https:\/\/jean-marcprevot.fr\/wp-content\/uploads\/2018\/07\/TM04-768x547.gif 768w, https:\/\/jean-marcprevot.fr\/wp-content\/uploads\/2018\/07\/TM04-1024x729.gif 1024w\" sizes=\"(max-width: 885px) 100vw, 885px\" \/><\/p>\n<p><img loading=\"lazy\" class=\"alignnone wp-image-183\" src=\"https:\/\/jean-marcprevot.fr\/wp-content\/uploads\/2018\/07\/TM06-300x216.gif\" alt=\"\" width=\"906\" height=\"653\" srcset=\"https:\/\/jean-marcprevot.fr\/wp-content\/uploads\/2018\/07\/TM06-300x216.gif 300w, https:\/\/jean-marcprevot.fr\/wp-content\/uploads\/2018\/07\/TM06-768x553.gif 768w, https:\/\/jean-marcprevot.fr\/wp-content\/uploads\/2018\/07\/TM06-1024x737.gif 1024w\" sizes=\"(max-width: 906px) 100vw, 906px\" \/><\/p>\n<p><img loading=\"lazy\" class=\"wp-image-184 aligncenter\" src=\"https:\/\/jean-marcprevot.fr\/wp-content\/uploads\/2018\/07\/TM07-300x214.gif\" alt=\"\" width=\"885\" height=\"631\" srcset=\"https:\/\/jean-marcprevot.fr\/wp-content\/uploads\/2018\/07\/TM07-300x214.gif 300w, https:\/\/jean-marcprevot.fr\/wp-content\/uploads\/2018\/07\/TM07-768x547.gif 768w, https:\/\/jean-marcprevot.fr\/wp-content\/uploads\/2018\/07\/TM07-1024x729.gif 1024w\" sizes=\"(max-width: 885px) 100vw, 885px\" \/><img loading=\"lazy\" class=\"wp-image-186 aligncenter\" src=\"https:\/\/jean-marcprevot.fr\/wp-content\/uploads\/2018\/07\/TM08-300x212.gif\" alt=\"\" width=\"886\" height=\"626\" srcset=\"https:\/\/jean-marcprevot.fr\/wp-content\/uploads\/2018\/07\/TM08-300x212.gif 300w, https:\/\/jean-marcprevot.fr\/wp-content\/uploads\/2018\/07\/TM08-768x543.gif 768w, https:\/\/jean-marcprevot.fr\/wp-content\/uploads\/2018\/07\/TM08-1024x724.gif 1024w\" sizes=\"(max-width: 886px) 100vw, 886px\" \/><\/p>\n<p><img loading=\"lazy\" class=\"wp-image-187 aligncenter\" src=\"https:\/\/jean-marcprevot.fr\/wp-content\/uploads\/2018\/07\/TM09-300x214.gif\" alt=\"\" width=\"886\" height=\"632\" srcset=\"https:\/\/jean-marcprevot.fr\/wp-content\/uploads\/2018\/07\/TM09-300x214.gif 300w, https:\/\/jean-marcprevot.fr\/wp-content\/uploads\/2018\/07\/TM09-768x547.gif 768w, https:\/\/jean-marcprevot.fr\/wp-content\/uploads\/2018\/07\/TM09-1024x729.gif 1024w\" sizes=\"(max-width: 886px) 100vw, 886px\" \/><\/p>\n<p>&nbsp;<\/p>\n<p><img loading=\"lazy\" class=\"wp-image-188 aligncenter\" src=\"https:\/\/jean-marcprevot.fr\/wp-content\/uploads\/2018\/07\/TM10-300x188.gif\" alt=\"\" width=\"886\" height=\"555\" srcset=\"https:\/\/jean-marcprevot.fr\/wp-content\/uploads\/2018\/07\/TM10-300x188.gif 300w, https:\/\/jean-marcprevot.fr\/wp-content\/uploads\/2018\/07\/TM10-768x480.gif 768w, https:\/\/jean-marcprevot.fr\/wp-content\/uploads\/2018\/07\/TM10-1024x640.gif 1024w\" sizes=\"(max-width: 886px) 100vw, 886px\" \/><\/p>\n","protected":false},"excerpt":{"rendered":"<p>Planches r\u00e9alis\u00e9es pour l&#8217;exposition &#8220;Entre terre et Mer, l&#8217;aventure de la L\u00e9gion Etrang\u00e8re dans l&#8217;Oc\u00e9an&#8230;<\/p>\n<div class=\"more-link-wrapper\"><a class=\"more-link\" href=\"https:\/\/jean-marcprevot.fr\/?page_id=177\">Read the post<span class=\"screen-reader-text\">Entre Terre et Mer<\/span><\/a><\/div>\n","protected":false},"author":1,"featured_media":0,"parent":0,"menu_order":0,"comment_status":"closed","ping_status":"closed","template":"","meta":[],"_links":{"self":[{"href":"https:\/\/jean-marcprevot.fr\/index.php?rest_route=\/wp\/v2\/pages\/177"}],"collection":[{"href":"https:\/\/jean-marcprevot.fr\/index.php?rest_route=\/wp\/v2\/pages"}],"about":[{"href":"https:\/\/jean-marcprevot.fr\/index.php?rest_route=\/wp\/v2\/types\/page"}],"author":[{"embeddable":true,"href":"https:\/\/jean-marcprevot.fr\/index.php?rest_route=\/wp\/v2\/users\/1"}],"replies":[{"embeddable":true,"href":"https:\/\/jean-marcprevot.fr\/index.php?rest_route=%2Fwp%2Fv2%2Fcomments&post=177"}],"version-history":[{"count":11,"href":"https:\/\/jean-marcprevot.fr\/index.php?rest_route=\/wp\/v2\/pages\/177\/revisions"}],"predecessor-version":[{"id":327,"href":"https:\/\/jean-marcprevot.fr\/index.php?rest_route=\/wp\/v2\/pages\/177\/revisions\/327"}],"wp:attachment":[{"href":"https:\/\/jean-marcprevot.fr\/index.php?rest_route=%2Fwp%2Fv2%2Fmedia&parent=177"}],"curies":[{"name":"wp","href":"https:\/\/api.w.org\/{rel}","templated":true}]}}