{"id":9,"date":"2018-06-17T11:10:17","date_gmt":"2018-06-17T09:10:17","guid":{"rendered":"http:\/\/jean-marcprevot.fr\/?page_id=9"},"modified":"2018-07-04T14:18:32","modified_gmt":"2018-07-04T12:18:32","slug":"contact","status":"publish","type":"page","link":"https:\/\/jean-marcprevot.fr\/?page_id=9","title":{"rendered":"Toiles"},"content":{"rendered":"<p><img loading=\"lazy\" class=\"wp-image-13 aligncenter\" src=\"https:\/\/jean-marcprevot.fr\/wp-content\/uploads\/2018\/06\/Cyr-231x300.jpg\" alt=\"\" width=\"404\" height=\"525\" srcset=\"https:\/\/jean-marcprevot.fr\/wp-content\/uploads\/2018\/06\/Cyr-231x300.jpg 231w, https:\/\/jean-marcprevot.fr\/wp-content\/uploads\/2018\/06\/Cyr.jpg 512w\" sizes=\"(max-width: 404px) 100vw, 404px\" \/><\/p>\n<p style=\"text-align: center;\"><strong>&#8220;La garde au Drapeau de l&#8217;Ecole Sp\u00e9ciale Militaire&#8221;<\/strong> <em>Acrylique sur toile (116&#215;89)<\/em><\/p>\n<p>&nbsp;<\/p>\n<p><img loading=\"lazy\" class=\" wp-image-274 aligncenter\" src=\"https:\/\/jean-marcprevot.fr\/wp-content\/uploads\/2018\/07\/1er-RE-230x300.gif\" alt=\"\" width=\"400\" height=\"522\" srcset=\"https:\/\/jean-marcprevot.fr\/wp-content\/uploads\/2018\/07\/1er-RE-230x300.gif 230w, https:\/\/jean-marcprevot.fr\/wp-content\/uploads\/2018\/07\/1er-RE-768x1004.gif 768w, https:\/\/jean-marcprevot.fr\/wp-content\/uploads\/2018\/07\/1er-RE-784x1024.gif 784w\" sizes=\"(max-width: 400px) 100vw, 400px\" \/><\/p>\n<p style=\"text-align: center;\"><strong>&#8220;La garde au Drapeau du 1er R\u00e9giment Etranger&#8221;<\/strong> <em>Acrylique sur toile (116&#215;89)<\/em><\/p>\n<p>&nbsp;<\/p>\n<p><img loading=\"lazy\" class=\"size-medium wp-image-269 aligncenter\" src=\"https:\/\/jean-marcprevot.fr\/wp-content\/uploads\/2018\/07\/4eme-RE-207x300.gif\" alt=\"\" width=\"207\" height=\"300\" srcset=\"https:\/\/jean-marcprevot.fr\/wp-content\/uploads\/2018\/07\/4eme-RE-207x300.gif 207w, https:\/\/jean-marcprevot.fr\/wp-content\/uploads\/2018\/07\/4eme-RE-768x1111.gif 768w, https:\/\/jean-marcprevot.fr\/wp-content\/uploads\/2018\/07\/4eme-RE-708x1024.gif 708w\" sizes=\"(max-width: 207px) 100vw, 207px\" \/><\/p>\n<p style=\"text-align: center;\"><strong>&#8220;Le 4\u00e8me R\u00e9giment Etranger sur les Champs&#8221;<\/strong> <em>Huile sur toile (33&#215;24)<\/em><\/p>\n<p>&nbsp;<\/p>\n<p style=\"text-align: center;\"><img loading=\"lazy\" class=\" wp-image-276 aligncenter\" src=\"https:\/\/jean-marcprevot.fr\/wp-content\/uploads\/2018\/07\/Fantassin-214x300.gif\" alt=\"\" width=\"241\" height=\"338\" srcset=\"https:\/\/jean-marcprevot.fr\/wp-content\/uploads\/2018\/07\/Fantassin-214x300.gif 214w, https:\/\/jean-marcprevot.fr\/wp-content\/uploads\/2018\/07\/Fantassin-768x1076.gif 768w, https:\/\/jean-marcprevot.fr\/wp-content\/uploads\/2018\/07\/Fantassin-731x1024.gif 731w\" sizes=\"(max-width: 241px) 100vw, 241px\" \/><strong>&#8220;Le Fantassin&#8221;<\/strong> <em>Huile sur toile (55&#215;35)<\/em><\/p>\n<p>&nbsp;<\/p>\n<p style=\"text-align: center;\"><strong><img loading=\"lazy\" class=\"alignnone wp-image-281\" src=\"https:\/\/jean-marcprevot.fr\/wp-content\/uploads\/2018\/07\/Le-sapeur-155x300.gif\" alt=\"\" width=\"222\" height=\"429\" srcset=\"https:\/\/jean-marcprevot.fr\/wp-content\/uploads\/2018\/07\/Le-sapeur-155x300.gif 155w, https:\/\/jean-marcprevot.fr\/wp-content\/uploads\/2018\/07\/Le-sapeur-768x1488.gif 768w, https:\/\/jean-marcprevot.fr\/wp-content\/uploads\/2018\/07\/Le-sapeur-529x1024.gif 529w\" sizes=\"(max-width: 222px) 100vw, 222px\" \/><\/strong><\/p>\n<p style=\"text-align: center;\"><strong>&#8220;Le Sapeur&#8221;<\/strong> <em>Huile sur bois (55&#215;30)<\/em><\/p>\n<p style=\"text-align: center;\"><img loading=\"lazy\" class=\" wp-image-285 aligncenter\" src=\"https:\/\/jean-marcprevot.fr\/wp-content\/uploads\/2018\/07\/Nap-300x217.gif\" alt=\"\" width=\"489\" height=\"353\" srcset=\"https:\/\/jean-marcprevot.fr\/wp-content\/uploads\/2018\/07\/Nap-300x217.gif 300w, https:\/\/jean-marcprevot.fr\/wp-content\/uploads\/2018\/07\/Nap-768x556.gif 768w, https:\/\/jean-marcprevot.fr\/wp-content\/uploads\/2018\/07\/Nap-1024x741.gif 1024w\" sizes=\"(max-width: 489px) 100vw, 489px\" \/><strong>&#8220;Napol\u00e9on \u00e0 la bataille de Craonne&#8221;<\/strong> <em>Huile sur toile (116&#215;81)<\/em><\/p>\n<p>&nbsp;<\/p>\n<p style=\"text-align: center;\"><img loading=\"lazy\" class=\" wp-image-287 aligncenter\" src=\"https:\/\/jean-marcprevot.fr\/wp-content\/uploads\/2018\/07\/amx-300x222.gif\" alt=\"\" width=\"323\" height=\"239\" srcset=\"https:\/\/jean-marcprevot.fr\/wp-content\/uploads\/2018\/07\/amx-300x222.gif 300w, https:\/\/jean-marcprevot.fr\/wp-content\/uploads\/2018\/07\/amx-768x567.gif 768w, https:\/\/jean-marcprevot.fr\/wp-content\/uploads\/2018\/07\/amx-1024x756.gif 1024w\" sizes=\"(max-width: 323px) 100vw, 323px\" \/><strong>&#8220;Aux Morts des Chars d&#8217;assaut&#8221;<\/strong> <em>Acrylique sur bois (46&#215;33)<\/em><\/p>\n<p>&nbsp;<\/p>\n<p style=\"text-align: center;\"><img loading=\"lazy\" class=\"alignnone wp-image-312\" src=\"https:\/\/jean-marcprevot.fr\/wp-content\/uploads\/2018\/07\/Maille\u0301-181x300.gif\" alt=\"\" width=\"294\" height=\"487\" srcset=\"https:\/\/jean-marcprevot.fr\/wp-content\/uploads\/2018\/07\/Maille\u0301-181x300.gif 181w, https:\/\/jean-marcprevot.fr\/wp-content\/uploads\/2018\/07\/Maille\u0301-768x1276.gif 768w\" sizes=\"(max-width: 294px) 100vw, 294px\" \/><\/p>\n<p style=\"text-align: center;\"><strong>&#8220;Le Maill\u00e9-Br\u00e9z\u00e9&#8221;<\/strong> <em>Huile sur toile<\/em><em>\u00a0(61&#215;38)<\/em><\/p>\n<p>&nbsp;<\/p>\n<p><img loading=\"lazy\" class=\" wp-image-300 aligncenter\" src=\"https:\/\/jean-marcprevot.fr\/wp-content\/uploads\/2018\/07\/Leclerc-300x208.gif\" alt=\"\" width=\"497\" height=\"345\" srcset=\"https:\/\/jean-marcprevot.fr\/wp-content\/uploads\/2018\/07\/Leclerc-300x208.gif 300w, https:\/\/jean-marcprevot.fr\/wp-content\/uploads\/2018\/07\/Leclerc-768x532.gif 768w, https:\/\/jean-marcprevot.fr\/wp-content\/uploads\/2018\/07\/Leclerc-1024x710.gif 1024w\" sizes=\"(max-width: 497px) 100vw, 497px\" \/><\/p>\n<p style=\"text-align: center;\"><strong>&#8220;Leclerc en zone d\u00e9sertique&#8221;<\/strong> <em>Huile sur toile (61&#215;38)<\/em><\/p>\n<p>&nbsp;<\/p>\n<p style=\"text-align: center;\"><img loading=\"lazy\" class=\" wp-image-298 aligncenter\" src=\"https:\/\/jean-marcprevot.fr\/wp-content\/uploads\/2018\/07\/Sfax-248x300.gif\" alt=\"\" width=\"321\" height=\"388\" srcset=\"https:\/\/jean-marcprevot.fr\/wp-content\/uploads\/2018\/07\/Sfax-248x300.gif 248w, https:\/\/jean-marcprevot.fr\/wp-content\/uploads\/2018\/07\/Sfax-768x929.gif 768w, https:\/\/jean-marcprevot.fr\/wp-content\/uploads\/2018\/07\/Sfax-846x1024.gif 846w\" sizes=\"(max-width: 321px) 100vw, 321px\" \/><strong>&#8220;Combat dans les rues de Sfax&#8221;<\/strong>\u00a0 <em>d&#8217;apr\u00e8s E. Detaille<\/em>\u00a0&#8211;\u00a0<em>Huile sur toile (60&#215;54)<\/em><\/p>\n<p>&nbsp;<\/p>\n<p style=\"text-align: center;\"><img loading=\"lazy\" class=\" wp-image-296 aligncenter\" src=\"https:\/\/jean-marcprevot.fr\/wp-content\/uploads\/2018\/07\/EAU-300x150.gif\" alt=\"\" width=\"572\" height=\"286\" srcset=\"https:\/\/jean-marcprevot.fr\/wp-content\/uploads\/2018\/07\/EAU-300x150.gif 300w, https:\/\/jean-marcprevot.fr\/wp-content\/uploads\/2018\/07\/EAU-768x384.gif 768w, https:\/\/jean-marcprevot.fr\/wp-content\/uploads\/2018\/07\/EAU-1024x512.gif 1024w\" sizes=\"(max-width: 572px) 100vw, 572px\" \/><strong>&#8220;La course&#8221;<\/strong> <em>Huile sur toile (60&#215;30)<\/em><\/p>\n","protected":false},"excerpt":{"rendered":"<p>&#8220;La garde au Drapeau de l&#8217;Ecole Sp\u00e9ciale Militaire&#8221; Acrylique sur toile (116&#215;89) &nbsp; &#8220;La garde&#8230;<\/p>\n<div class=\"more-link-wrapper\"><a class=\"more-link\" href=\"https:\/\/jean-marcprevot.fr\/?page_id=9\">Read the post<span class=\"screen-reader-text\">Toiles<\/span><\/a><\/div>\n","protected":false},"author":1,"featured_media":0,"parent":0,"menu_order":0,"comment_status":"closed","ping_status":"closed","template":"","meta":[],"_links":{"self":[{"href":"https:\/\/jean-marcprevot.fr\/index.php?rest_route=\/wp\/v2\/pages\/9"}],"collection":[{"href":"https:\/\/jean-marcprevot.fr\/index.php?rest_route=\/wp\/v2\/pages"}],"about":[{"href":"https:\/\/jean-marcprevot.fr\/index.php?rest_route=\/wp\/v2\/types\/page"}],"author":[{"embeddable":true,"href":"https:\/\/jean-marcprevot.fr\/index.php?rest_route=\/wp\/v2\/users\/1"}],"replies":[{"embeddable":true,"href":"https:\/\/jean-marcprevot.fr\/index.php?rest_route=%2Fwp%2Fv2%2Fcomments&post=9"}],"version-history":[{"count":26,"href":"https:\/\/jean-marcprevot.fr\/index.php?rest_route=\/wp\/v2\/pages\/9\/revisions"}],"predecessor-version":[{"id":333,"href":"https:\/\/jean-marcprevot.fr\/index.php?rest_route=\/wp\/v2\/pages\/9\/revisions\/333"}],"wp:attachment":[{"href":"https:\/\/jean-marcprevot.fr\/index.php?rest_route=%2Fwp%2Fv2%2Fmedia&parent=9"}],"curies":[{"name":"wp","href":"https:\/\/api.w.org\/{rel}","templated":true}]}}